{"id":206,"date":"2011-05-12T13:49:45","date_gmt":"2011-05-12T13:49:45","guid":{"rendered":"http:\/\/www.ncprotection.com\/?page_id=206"},"modified":"2019-07-03T09:09:53","modified_gmt":"2019-07-03T08:09:53","slug":"kontakt-stop","status":"publish","type":"page","link":"https:\/\/www.ncprotection.com\/index.php\/denmark\/kontakt-stop\/","title":{"rendered":"Kontakt Nordic Content Protection i Danmark"},"content":{"rendered":"<p>Send en e-mail via formularen her p\u00e5 siden eller kontakt os p\u00e5 tlf. eller via almindelig post.<\/p>\n<p>Nordic Content Protection<br \/>\nc\/o Accountor<br \/>\nHerlev Hovedgade 195<br \/>\n2730 Herlev<br \/>\nDenmark<\/p>\n<p>Tlf: 70 27 22 74<\/p>\n<p>Vi vil helst tale med dig personligt, s\u00e5 du kan ringe til os direkte i dagtimerne p\u00e5 telefon 70 27 22 74. Her kan du naturligvis ogs\u00e5 v\u00e6re anonym, hvis du \u00f8nsker det.<\/p>\n<h3>Send besked til&nbsp;Nordic Content Protection<\/h3>\n<p>Vil du v\u00e6re anonym, kan du undlade&nbsp;udfylde kontaktoplysningerne.<\/p>\n<div class=\"wpforms-container \" id=\"wpforms-1658\"><form id=\"wpforms-form-1658\" class=\"wpforms-validate wpforms-form\" data-formid=\"1658\" method=\"post\" enctype=\"multipart\/form-data\" action=\"\/index.php\/wp-json\/wp\/v2\/pages\/206\" data-token=\"7bfb1cf313c34d086888cdfb35184817\" data-token-time=\"1777713866\"><noscript class=\"wpforms-error-noscript\">Please enable JavaScript in your browser to complete this form.<\/noscript><div class=\"wpforms-field-container\"><div id=\"wpforms-1658-field_0-container\" class=\"wpforms-field wpforms-field-name\" data-field-id=\"0\"><label class=\"wpforms-field-label\" for=\"wpforms-1658-field_0\">Navn:<\/label><input type=\"text\" id=\"wpforms-1658-field_0\" class=\"wpforms-field-small\" name=\"wpforms[fields][0]\" ><\/div><div id=\"wpforms-1658-field_1-container\" class=\"wpforms-field wpforms-field-email\" data-field-id=\"1\"><label class=\"wpforms-field-label\" for=\"wpforms-1658-field_1\">E-mail:<\/label><input type=\"email\" id=\"wpforms-1658-field_1\" class=\"wpforms-field-small\" name=\"wpforms[fields][1]\" spellcheck=\"false\" ><\/div><div id=\"wpforms-1658-field_3-container\" class=\"wpforms-field wpforms-field-number\" data-field-id=\"3\"><label class=\"wpforms-field-label\" for=\"wpforms-1658-field_3\">Tlf:<\/label><input type=\"number\" id=\"wpforms-1658-field_3\" class=\"wpforms-field-small\" name=\"wpforms[fields][3]\" step=\"any\" ><\/div><div id=\"wpforms-1658-field_2-container\" class=\"wpforms-field wpforms-field-textarea\" data-field-id=\"2\"><label class=\"wpforms-field-label\" for=\"wpforms-1658-field_2\">Tekst: <span class=\"wpforms-required-label\">*<\/span><\/label><textarea id=\"wpforms-1658-field_2\" class=\"wpforms-field-medium wpforms-field-required\" name=\"wpforms[fields][2]\" required><\/textarea><\/div><div id=\"wpforms-1658-field_4-container\" class=\"wpforms-field wpforms-field-captcha\" data-field-id=\"4\"><label class=\"wpforms-field-label\" for=\"wpforms-1658-field_4\">Captcha <span class=\"wpforms-required-label\">*<\/span><\/label>\t\t\t<div class=\"wpforms-captcha-math\">\n\t\t\t\t<span id=\"wpforms-1658-field_4-question\" class=\"wpforms-captcha-equation\">\n\t\t\t\t\t<span class=\"n1\">9<\/span>\n\t\t\t\t\t\t\t<span class=\"cal\">+<\/span>\n\t\t\t\t\t\t\t<span class=\"n2\">2<\/span>\t\t\t\t\t<span class=\"e\">=<\/span>\n\t\t\t\t<\/span>\n\t\t\t\t<input type=\"text\" id=\"wpforms-1658-field_4\" class=\"wpforms-field-medium wpforms-field-required a\" data-rule-wpf-captcha=\"math\" data-is-wrapped-field=\"1\" name=\"wpforms[fields][4][a]\" aria-describedby=\"wpforms-1658-field_4-question\" required>\t\t\t\t<input type=\"hidden\" name=\"wpforms[fields][4][cal]\" class=\"cal\">\n\t\t\t\t<input type=\"hidden\" name=\"wpforms[fields][4][n2]\" class=\"n2\">\n\t\t\t\t<input type=\"hidden\" name=\"wpforms[fields][4][n1]\" class=\"n1\">\n\t\t\t<\/div>\n\t\t\t<\/div><\/div><!-- .wpforms-field-container --><div class=\"wpforms-field wpforms-field-hp\"><label for=\"wpforms-1658-field-hp\" class=\"wpforms-field-label\">Email<\/label><input type=\"text\" name=\"wpforms[hp]\" id=\"wpforms-1658-field-hp\" class=\"wpforms-field-medium\"><\/div><div class=\"wpforms-submit-container\" ><input type=\"hidden\" name=\"wpforms[id]\" value=\"1658\"><input type=\"hidden\" name=\"page_title\" value=\"\"><input type=\"hidden\" name=\"page_url\" value=\"https:\/\/www.ncprotection.com\/index.php\/wp-json\/wp\/v2\/pages\/206\"><input type=\"hidden\" name=\"url_referer\" value=\"\"><button type=\"submit\" name=\"wpforms[submit]\" id=\"wpforms-submit-1658\" class=\"wpforms-submit\" data-alt-text=\"Sending...\" data-submit-text=\"Send\" aria-live=\"assertive\" value=\"wpforms-submit\">Send<\/button><\/div><\/form><\/div>  <!-- .wpforms-container -->\n<p>&nbsp;<\/p>\n","protected":false},"excerpt":{"rendered":"<p>Send en e-mail via formularen her p\u00e5 siden eller kontakt os p\u00e5 tlf. eller via almindelig post. Nordic Content Protection c\/o Accountor Herlev Hovedgade 195 2730 Herlev Denmark Tlf: 70 27 22 74 Vi vil helst tale med dig personligt, s\u00e5 du kan ringe til os direkte i dagtimerne p\u00e5 telefon 70 27 22 74.&hellip;<\/p>\n","protected":false},"author":1,"featured_media":0,"parent":13,"menu_order":0,"comment_status":"closed","ping_status":"closed","template":"","meta":{"footnotes":""},"class_list":["post-206","page","type-page","status-publish","hentry","entry","no-media"],"_links":{"self":[{"href":"https:\/\/www.ncprotection.com\/index.php\/wp-json\/wp\/v2\/pages\/206","targetHints":{"allow":["GET"]}}],"collection":[{"href":"https:\/\/www.ncprotection.com\/index.php\/wp-json\/wp\/v2\/pages"}],"about":[{"href":"https:\/\/www.ncprotection.com\/index.php\/wp-json\/wp\/v2\/types\/page"}],"author":[{"embeddable":true,"href":"https:\/\/www.ncprotection.com\/index.php\/wp-json\/wp\/v2\/users\/1"}],"replies":[{"embeddable":true,"href":"https:\/\/www.ncprotection.com\/index.php\/wp-json\/wp\/v2\/comments?post=206"}],"version-history":[{"count":21,"href":"https:\/\/www.ncprotection.com\/index.php\/wp-json\/wp\/v2\/pages\/206\/revisions"}],"predecessor-version":[{"id":1659,"href":"https:\/\/www.ncprotection.com\/index.php\/wp-json\/wp\/v2\/pages\/206\/revisions\/1659"}],"up":[{"embeddable":true,"href":"https:\/\/www.ncprotection.com\/index.php\/wp-json\/wp\/v2\/pages\/13"}],"wp:attachment":[{"href":"https:\/\/www.ncprotection.com\/index.php\/wp-json\/wp\/v2\/media?parent=206"}],"curies":[{"name":"wp","href":"https:\/\/api.w.org\/{rel}","templated":true}]}}