{"id":201,"date":"2011-05-12T13:41:00","date_gmt":"2011-05-12T13:41:00","guid":{"rendered":"http:\/\/www.ncprotection.com\/?page_id=201"},"modified":"2025-06-23T10:38:42","modified_gmt":"2025-06-23T08:38:42","slug":"kontakt-stop","status":"publish","type":"page","link":"https:\/\/www.ncprotection.com\/index.php\/norway\/kontakt-stop\/","title":{"rendered":"Kontakt Nordic Content Protection i Norge"},"content":{"rendered":"<div class=\"wpb-content-wrapper\">[vc_row][vc_column][vc_column_text css=&#8221;&#8221;]\n<div class=\"page\" title=\"Page 2\">\n<div class=\"section\">\n<div class=\"layoutArea\">\n<div class=\"column\">\n<p>NORDIC CONTENT PROTECTION F.M.B.A<br \/>\nC\/O Accountor AS avd. Pro<br \/>\nPostboks 31<br \/>\n2501 Tynset<\/p>\n<\/div>\n<\/div>\n<\/div>\n<\/div>\n<h3>Tips til\u00a0Nordic Content Protection<\/h3>\n<p>Har du mistanke om\u00a0illegal card sharing eller illegal streaming, om\u00a0produksjon, kj\u00f8p eller bruk av illegale smartkort, kan du ta kontakt med oss\u00a0pr. telefon, telefaks eller\u00a0skjemaet under. \u00d8nsker du \u00e5 v\u00e6re anonym, kan du allikevel benytte skjemaet.<\/p>\n<div class=\"wpforms-container \" id=\"wpforms-1660\"><form id=\"wpforms-form-1660\" class=\"wpforms-validate wpforms-form\" data-formid=\"1660\" method=\"post\" enctype=\"multipart\/form-data\" action=\"\/index.php\/wp-json\/wp\/v2\/pages\/201\" data-token=\"b545246410d75c3ca037ede85397d66b\" data-token-time=\"1777452915\"><noscript class=\"wpforms-error-noscript\">Please enable JavaScript in your browser to complete this form.<\/noscript><div class=\"wpforms-field-container\"><div id=\"wpforms-1660-field_0-container\" class=\"wpforms-field wpforms-field-name\" data-field-id=\"0\"><label class=\"wpforms-field-label\" for=\"wpforms-1660-field_0\">Ditt navn:<\/label><input type=\"text\" id=\"wpforms-1660-field_0\" class=\"wpforms-field-small\" name=\"wpforms[fields][0]\" ><\/div><div id=\"wpforms-1660-field_1-container\" class=\"wpforms-field wpforms-field-email\" data-field-id=\"1\"><label class=\"wpforms-field-label\" for=\"wpforms-1660-field_1\">E-post:<\/label><input type=\"email\" id=\"wpforms-1660-field_1\" class=\"wpforms-field-small\" name=\"wpforms[fields][1]\" spellcheck=\"false\" ><\/div><div id=\"wpforms-1660-field_3-container\" class=\"wpforms-field wpforms-field-number\" data-field-id=\"3\"><label class=\"wpforms-field-label\" for=\"wpforms-1660-field_3\">Tlf:<\/label><input type=\"number\" id=\"wpforms-1660-field_3\" class=\"wpforms-field-small\" name=\"wpforms[fields][3]\" step=\"any\" ><\/div><div id=\"wpforms-1660-field_2-container\" class=\"wpforms-field wpforms-field-textarea\" data-field-id=\"2\"><label class=\"wpforms-field-label\" for=\"wpforms-1660-field_2\">Melding: <span class=\"wpforms-required-label\">*<\/span><\/label><textarea id=\"wpforms-1660-field_2\" class=\"wpforms-field-medium wpforms-field-required\" name=\"wpforms[fields][2]\" required><\/textarea><\/div><div id=\"wpforms-1660-field_4-container\" class=\"wpforms-field wpforms-field-captcha\" data-field-id=\"4\"><label class=\"wpforms-field-label\" for=\"wpforms-1660-field_4\">Captcha <span class=\"wpforms-required-label\">*<\/span><\/label>\t\t\t<div class=\"wpforms-captcha-math\">\n\t\t\t\t<span id=\"wpforms-1660-field_4-question\" class=\"wpforms-captcha-equation\">\n\t\t\t\t\t<span class=\"n1\">15<\/span>\n\t\t\t\t\t\t\t<span class=\"cal\">*<\/span>\n\t\t\t\t\t\t\t<span class=\"n2\">10<\/span>\t\t\t\t\t<span class=\"e\">=<\/span>\n\t\t\t\t<\/span>\n\t\t\t\t<input type=\"text\" id=\"wpforms-1660-field_4\" class=\"wpforms-field-medium wpforms-field-required a\" data-rule-wpf-captcha=\"math\" data-is-wrapped-field=\"1\" name=\"wpforms[fields][4][a]\" aria-describedby=\"wpforms-1660-field_4-question\" required>\t\t\t\t<input type=\"hidden\" name=\"wpforms[fields][4][cal]\" class=\"cal\">\n\t\t\t\t<input type=\"hidden\" name=\"wpforms[fields][4][n2]\" class=\"n2\">\n\t\t\t\t<input type=\"hidden\" name=\"wpforms[fields][4][n1]\" class=\"n1\">\n\t\t\t<\/div>\n\t\t\t<\/div><\/div><!-- .wpforms-field-container --><div class=\"wpforms-field wpforms-field-hp\"><label for=\"wpforms-1660-field-hp\" class=\"wpforms-field-label\">Website<\/label><input type=\"text\" name=\"wpforms[hp]\" id=\"wpforms-1660-field-hp\" class=\"wpforms-field-medium\"><\/div><div class=\"wpforms-submit-container\" ><input type=\"hidden\" name=\"wpforms[id]\" value=\"1660\"><input type=\"hidden\" name=\"page_title\" value=\"\"><input type=\"hidden\" name=\"page_url\" value=\"https:\/\/www.ncprotection.com\/index.php\/wp-json\/wp\/v2\/pages\/201\"><input type=\"hidden\" name=\"url_referer\" value=\"\"><button type=\"submit\" name=\"wpforms[submit]\" id=\"wpforms-submit-1660\" class=\"wpforms-submit\" data-alt-text=\"Sending...\" data-submit-text=\"Send\" aria-live=\"assertive\" value=\"wpforms-submit\">Send<\/button><\/div><\/form><\/div>  <!-- .wpforms-container -->[\/vc_column_text][\/vc_column][\/vc_row]\n<\/div>","protected":false},"excerpt":{"rendered":"<p>[vc_row][vc_column][vc_column_text css=&#8221;&#8221;] NORDIC CONTENT PROTECTION F.M.B.A C\/O Accountor AS avd. Pro Postboks 31 2501 Tynset Tips til\u00a0Nordic Content Protection Har du mistanke om\u00a0illegal card sharing eller illegal streaming, om\u00a0produksjon, kj\u00f8p eller bruk av illegale smartkort, kan du ta kontakt med oss\u00a0pr. telefon, telefaks eller\u00a0skjemaet under. \u00d8nsker du \u00e5 v\u00e6re anonym, kan du allikevel benytte skjemaet.&hellip;<\/p>\n","protected":false},"author":1,"featured_media":0,"parent":15,"menu_order":0,"comment_status":"closed","ping_status":"closed","template":"","meta":{"footnotes":""},"class_list":["post-201","page","type-page","status-publish","hentry","entry","no-media"],"_links":{"self":[{"href":"https:\/\/www.ncprotection.com\/index.php\/wp-json\/wp\/v2\/pages\/201","targetHints":{"allow":["GET"]}}],"collection":[{"href":"https:\/\/www.ncprotection.com\/index.php\/wp-json\/wp\/v2\/pages"}],"about":[{"href":"https:\/\/www.ncprotection.com\/index.php\/wp-json\/wp\/v2\/types\/page"}],"author":[{"embeddable":true,"href":"https:\/\/www.ncprotection.com\/index.php\/wp-json\/wp\/v2\/users\/1"}],"replies":[{"embeddable":true,"href":"https:\/\/www.ncprotection.com\/index.php\/wp-json\/wp\/v2\/comments?post=201"}],"version-history":[{"count":23,"href":"https:\/\/www.ncprotection.com\/index.php\/wp-json\/wp\/v2\/pages\/201\/revisions"}],"predecessor-version":[{"id":2080,"href":"https:\/\/www.ncprotection.com\/index.php\/wp-json\/wp\/v2\/pages\/201\/revisions\/2080"}],"up":[{"embeddable":true,"href":"https:\/\/www.ncprotection.com\/index.php\/wp-json\/wp\/v2\/pages\/15"}],"wp:attachment":[{"href":"https:\/\/www.ncprotection.com\/index.php\/wp-json\/wp\/v2\/media?parent=201"}],"curies":[{"name":"wp","href":"https:\/\/api.w.org\/{rel}","templated":true}]}}