{"id":1877,"date":"2024-09-03T09:46:36","date_gmt":"2024-09-03T08:46:36","guid":{"rendered":"https:\/\/www.ncprotection.com\/?page_id=1877"},"modified":"2024-09-03T11:06:20","modified_gmt":"2024-09-03T10:06:20","slug":"campaign-2024","status":"publish","type":"page","link":"https:\/\/www.ncprotection.com\/index.php\/campaign-2024\/","title":{"rendered":"Campaign 2024"},"content":{"rendered":"\n<figure class=\"wp-block-image size-large\"><a href=\"https:\/\/www.ncprotection.com\/wp-content\/uploads\/2024\/09\/Graphics2-scaled.jpg\"><img loading=\"lazy\" decoding=\"async\" width=\"1024\" height=\"578\" src=\"https:\/\/www.ncprotection.com\/wp-content\/uploads\/2024\/09\/Graphics2-1024x578.jpg\" alt=\"\" class=\"wp-image-1894\" srcset=\"https:\/\/www.ncprotection.com\/wp-content\/uploads\/2024\/09\/Graphics2-1024x578.jpg 1024w, https:\/\/www.ncprotection.com\/wp-content\/uploads\/2024\/09\/Graphics2-300x169.jpg 300w, https:\/\/www.ncprotection.com\/wp-content\/uploads\/2024\/09\/Graphics2-768x434.jpg 768w, https:\/\/www.ncprotection.com\/wp-content\/uploads\/2024\/09\/Graphics2-1536x868.jpg 1536w, https:\/\/www.ncprotection.com\/wp-content\/uploads\/2024\/09\/Graphics2-2048x1157.jpg 2048w\" sizes=\"auto, (max-width: 1024px) 100vw, 1024px\" \/><\/a><\/figure>\n\n\n\n<figure class=\"wp-block-image size-large\"><a href=\"https:\/\/www.ncprotection.com\/wp-content\/uploads\/2024\/05\/NCP-Antipiracy-profiler-infographics-16-9-scaled.jpg\"><img loading=\"lazy\" decoding=\"async\" width=\"1024\" height=\"578\" src=\"https:\/\/www.ncprotection.com\/wp-content\/uploads\/2024\/05\/NCP-Antipiracy-profiler-infographics-16-9-1024x578.jpg\" alt=\"Kampanj 2024\" class=\"wp-image-1859\" srcset=\"https:\/\/www.ncprotection.com\/wp-content\/uploads\/2024\/05\/NCP-Antipiracy-profiler-infographics-16-9-1024x578.jpg 1024w, https:\/\/www.ncprotection.com\/wp-content\/uploads\/2024\/05\/NCP-Antipiracy-profiler-infographics-16-9-300x169.jpg 300w, https:\/\/www.ncprotection.com\/wp-content\/uploads\/2024\/05\/NCP-Antipiracy-profiler-infographics-16-9-768x434.jpg 768w, https:\/\/www.ncprotection.com\/wp-content\/uploads\/2024\/05\/NCP-Antipiracy-profiler-infographics-16-9-1536x868.jpg 1536w, https:\/\/www.ncprotection.com\/wp-content\/uploads\/2024\/05\/NCP-Antipiracy-profiler-infographics-16-9-2048x1157.jpg 2048w\" sizes=\"auto, (max-width: 1024px) 100vw, 1024px\" \/><\/a><\/figure>\n\n\n\n<p><\/p>\n\n\n\n<p><\/p>\n\n\n\n<figure class=\"wp-block-image size-large\"><a href=\"https:\/\/www.ncprotection.com\/wp-content\/uploads\/2024\/05\/2024-04-29-stian-loland-033-hires-scaled.jpeg\"><img loading=\"lazy\" decoding=\"async\" width=\"1024\" height=\"576\" src=\"https:\/\/www.ncprotection.com\/wp-content\/uploads\/2024\/05\/2024-04-29-stian-loland-033-hires-1024x576.jpeg\" alt=\"\" class=\"wp-image-1855\" srcset=\"https:\/\/www.ncprotection.com\/wp-content\/uploads\/2024\/05\/2024-04-29-stian-loland-033-hires-1024x576.jpeg 1024w, https:\/\/www.ncprotection.com\/wp-content\/uploads\/2024\/05\/2024-04-29-stian-loland-033-hires-300x169.jpeg 300w, https:\/\/www.ncprotection.com\/wp-content\/uploads\/2024\/05\/2024-04-29-stian-loland-033-hires-768x432.jpeg 768w, https:\/\/www.ncprotection.com\/wp-content\/uploads\/2024\/05\/2024-04-29-stian-loland-033-hires-1536x864.jpeg 1536w, https:\/\/www.ncprotection.com\/wp-content\/uploads\/2024\/05\/2024-04-29-stian-loland-033-hires-2048x1152.jpeg 2048w\" sizes=\"auto, (max-width: 1024px) 100vw, 1024px\" \/><\/a><\/figure>\n\n\n\n<p><em>Stian L\u00f8land, VD f\u00f6r Nordic Content Protection. Foto: Kristoffer Sandven<\/em><\/p>\n\n\n\n<figure class=\"wp-block-image size-large\"><a href=\"https:\/\/www.ncprotection.com\/wp-content\/uploads\/2024\/05\/Marcus-Schodin-NPC_Foto-Patrik-Kekalainen_small.png\"><img loading=\"lazy\" decoding=\"async\" width=\"1024\" height=\"576\" src=\"https:\/\/www.ncprotection.com\/wp-content\/uploads\/2024\/05\/Marcus-Schodin-NPC_Foto-Patrik-Kekalainen_small-1024x576.png\" alt=\"\" class=\"wp-image-1863\" srcset=\"https:\/\/www.ncprotection.com\/wp-content\/uploads\/2024\/05\/Marcus-Schodin-NPC_Foto-Patrik-Kekalainen_small-1024x576.png 1024w, https:\/\/www.ncprotection.com\/wp-content\/uploads\/2024\/05\/Marcus-Schodin-NPC_Foto-Patrik-Kekalainen_small-300x169.png 300w, https:\/\/www.ncprotection.com\/wp-content\/uploads\/2024\/05\/Marcus-Schodin-NPC_Foto-Patrik-Kekalainen_small-768x432.png 768w, https:\/\/www.ncprotection.com\/wp-content\/uploads\/2024\/05\/Marcus-Schodin-NPC_Foto-Patrik-Kekalainen_small-1536x864.png 1536w, https:\/\/www.ncprotection.com\/wp-content\/uploads\/2024\/05\/Marcus-Schodin-NPC_Foto-Patrik-Kekalainen_small.png 1920w\" sizes=\"auto, (max-width: 1024px) 100vw, 1024px\" \/><\/a><\/figure>\n\n\n\n<p><em>Medverkande fr\u00e5n NCP SE, Marcus Sch\u00f6din, security manager. Foto: Patrik Keka\u0308la\u0308inen<\/em><\/p>\n\n\n\n<figure class=\"wp-block-image size-large\"><a href=\"https:\/\/www.ncprotection.com\/wp-content\/uploads\/2024\/05\/kmapan2.png\"><img loading=\"lazy\" decoding=\"async\" width=\"1024\" height=\"1024\" src=\"https:\/\/www.ncprotection.com\/wp-content\/uploads\/2024\/05\/kmapan2-1024x1024.png\" alt=\"\" class=\"wp-image-1880\" srcset=\"https:\/\/www.ncprotection.com\/wp-content\/uploads\/2024\/05\/kmapan2-1024x1024.png 1024w, https:\/\/www.ncprotection.com\/wp-content\/uploads\/2024\/05\/kmapan2-300x300.png 300w, https:\/\/www.ncprotection.com\/wp-content\/uploads\/2024\/05\/kmapan2-150x150.png 150w, https:\/\/www.ncprotection.com\/wp-content\/uploads\/2024\/05\/kmapan2-768x768.png 768w, https:\/\/www.ncprotection.com\/wp-content\/uploads\/2024\/05\/kmapan2.png 1390w\" sizes=\"auto, (max-width: 1024px) 100vw, 1024px\" \/><\/a><\/figure>\n","protected":false},"excerpt":{"rendered":"<p>Stian L\u00f8land, VD f\u00f6r Nordic Content Protection. Foto: Kristoffer Sandven Medverkande fr\u00e5n NCP SE, Marcus Sch\u00f6din, security manager. Foto: Patrik Keka\u0308la\u0308inen<\/p>\n","protected":false},"author":1,"featured_media":0,"parent":0,"menu_order":0,"comment_status":"closed","ping_status":"closed","template":"","meta":{"footnotes":""},"class_list":["post-1877","page","type-page","status-publish","hentry","entry","no-media"],"_links":{"self":[{"href":"https:\/\/www.ncprotection.com\/index.php\/wp-json\/wp\/v2\/pages\/1877","targetHints":{"allow":["GET"]}}],"collection":[{"href":"https:\/\/www.ncprotection.com\/index.php\/wp-json\/wp\/v2\/pages"}],"about":[{"href":"https:\/\/www.ncprotection.com\/index.php\/wp-json\/wp\/v2\/types\/page"}],"author":[{"embeddable":true,"href":"https:\/\/www.ncprotection.com\/index.php\/wp-json\/wp\/v2\/users\/1"}],"replies":[{"embeddable":true,"href":"https:\/\/www.ncprotection.com\/index.php\/wp-json\/wp\/v2\/comments?post=1877"}],"version-history":[{"count":11,"href":"https:\/\/www.ncprotection.com\/index.php\/wp-json\/wp\/v2\/pages\/1877\/revisions"}],"predecessor-version":[{"id":1932,"href":"https:\/\/www.ncprotection.com\/index.php\/wp-json\/wp\/v2\/pages\/1877\/revisions\/1932"}],"wp:attachment":[{"href":"https:\/\/www.ncprotection.com\/index.php\/wp-json\/wp\/v2\/media?parent=1877"}],"curies":[{"name":"wp","href":"https:\/\/api.w.org\/{rel}","templated":true}]}}