{"id":1857,"date":"2024-05-14T05:10:54","date_gmt":"2024-05-14T04:10:54","guid":{"rendered":"https:\/\/www.ncprotection.com\/?page_id=1857"},"modified":"2024-09-03T10:59:55","modified_gmt":"2024-09-03T09:59:55","slug":"nordic-content-protection-tar-krafttag-i-kampanj-mot-illegala-tv-tjanster","status":"publish","type":"page","link":"https:\/\/www.ncprotection.com\/index.php\/nordic-content-protection-tar-krafttag-i-kampanj-mot-illegala-tv-tjanster\/","title":{"rendered":"Nordic Content Protection tar krafttag i kampanj mot illegala tv-tj\u00e4nster"},"content":{"rendered":"\n<p><\/p>\n\n\n\n<figure class=\"wp-block-image size-large\"><a href=\"https:\/\/www.ncprotection.com\/wp-content\/uploads\/2024\/05\/NCP-Antipiracy-profiler-infographics-16-9-scaled.jpg\"><img loading=\"lazy\" decoding=\"async\" width=\"1024\" height=\"578\" src=\"https:\/\/www.ncprotection.com\/wp-content\/uploads\/2024\/05\/NCP-Antipiracy-profiler-infographics-16-9-1024x578.jpg\" alt=\"Kampanj 2024\" class=\"wp-image-1859\" srcset=\"https:\/\/www.ncprotection.com\/wp-content\/uploads\/2024\/05\/NCP-Antipiracy-profiler-infographics-16-9-1024x578.jpg 1024w, https:\/\/www.ncprotection.com\/wp-content\/uploads\/2024\/05\/NCP-Antipiracy-profiler-infographics-16-9-300x169.jpg 300w, https:\/\/www.ncprotection.com\/wp-content\/uploads\/2024\/05\/NCP-Antipiracy-profiler-infographics-16-9-768x434.jpg 768w, https:\/\/www.ncprotection.com\/wp-content\/uploads\/2024\/05\/NCP-Antipiracy-profiler-infographics-16-9-1536x868.jpg 1536w, https:\/\/www.ncprotection.com\/wp-content\/uploads\/2024\/05\/NCP-Antipiracy-profiler-infographics-16-9-2048x1157.jpg 2048w\" sizes=\"auto, (max-width: 1024px) 100vw, 1024px\" \/><\/a><\/figure>\n\n\n\n<p><strong>Anv\u00e4ndandet av illegala tv-tj\u00e4nster \u00f6kar dramatiskt. Nya siffror visar att 28 procent av svenskarna har anv\u00e4nt en illegal tj\u00e4nst f\u00f6r att titta p\u00e5 TV-inneh\u00e5ll senaste m\u00e5naden. Det m\u00e5nga inte vet \u00e4r att illegal streaming ofta kan vara n\u00e4ra kopplat till den organiserade brottsligheten med narkotika, smuggling och prostitution. Nu lanserar Nordic Content Protection en omfattande informationskampanj f\u00f6r att synligg\u00f6ra problemet.<\/strong><\/p>\n\n\n\n<ul class=\"wp-block-list\">\n<li>De h\u00e4r tv-tj\u00e4nsterna ser ofta professionellt uppbyggda ut, men det som m\u00e5nga missar \u00e4r att det faktiskt \u00e4r illegala tj\u00e4nster som stj\u00e4l andras tv-inneh\u00e5ll och det finns ofta kopplingar till den organiserade brottsligheten, s\u00e4ger <strong>Stian L<\/strong><strong>\u00f8land<\/strong>, vd f\u00f6r Nordic Content Protection.<\/li>\n<\/ul>\n\n\n\n<p>Nya siffror fr\u00e5n Mediavision visar att 28 procent, eller 2,2 miljoner svenskar, tittat p\u00e5 tv-inneh\u00e5ll via en illegal tj\u00e4nst senaste m\u00e5naden, en \u00f6kning med 8 procent fr\u00e5n f\u00f6rra \u00e5rets redan h\u00f6ga 25 procent. Det st\u00f6rsta anv\u00e4ndandet sker i \u00e5ldersgruppen 15-24, d\u00e4r 60 procent av alla anv\u00e4ndare svarar att de anv\u00e4nt illegala tv-tj\u00e4nster f\u00f6r att titta p\u00e5 filmer, serier eller sport den senaste m\u00e5naden.<\/p>\n\n\n\n<p>580 000 hush\u00e5ll s\u00e4ger sig prenumerera p\u00e5 illegala IPTV-tj\u00e4nster. Denna siffra har \u00f6kat med 19 procent j\u00e4mf\u00f6rt med f\u00f6reg\u00e5ende \u00e5r.<\/p>\n\n\n\n<p>Nu lanserar Nordic Content Protection en omfattande informationskampanj f\u00f6r att \u00f6ka medvetenheten om illegal streaming. Bakom Nordic Content Protection st\u00e5r telekombolagen samt de stora tv- och streamingakt\u00f6rerna i Norden.<\/p>\n\n\n\n<ul class=\"wp-block-list\">\n<li>Illegala tv-tj\u00e4nster p\u00e5verkar l\u00e5ngt fler akt\u00f6rer \u00e4n bara tv- och streamingbranschen, i f\u00f6rl\u00e4ngningen p\u00e5verkar det hela samh\u00e4llet. Nu beh\u00f6ver vi ta gemensamma krafttag och bek\u00e4mpa detta, utifr\u00e5n olika perspektiv och med olika medel, s\u00e4ger Stian L\u00f8land.<\/li>\n<\/ul>\n\n\n\n<p>Kampanjen, d\u00e4r <strong>Hasse Aro<\/strong>, <strong>Suzanne Sj\u00f6gren<\/strong>, <strong>Niklas Jihde<\/strong>, <strong>Alexandra Rapaport<\/strong>, <strong>Carina Berg<\/strong>, <strong>Mikael Tornving<\/strong>, <strong>Sofia Wistam<\/strong>, <strong>Karin Frick<\/strong>, <strong>Jessica Almen\u00e4s<\/strong>, <strong>P\u00e4r Lernstr\u00f6m<\/strong> och <strong>Frida Nordstrand<\/strong> medverkar, lanseras i Sverige den 14 maj. F\u00f6rst ut \u00e4r Hasse Aro:<\/p>\n\n\n\n<ul class=\"wp-block-list\">\n<li>Det var sj\u00e4lvklart att st\u00e4lla upp. Ibland kanske man inte vet hur boven ser ut och det vill jag hj\u00e4lpa till att synligg\u00f6ra genom att medverka i denna kampanj. Jag tror inte att s\u00e5 m\u00e5nga k\u00e4nner till att illegala tv-tj\u00e4nster har ett samband med organiserad brottslighet och jag hoppas att vi med kampanjen ska \u00f6ka insikten och kunskapen bland allm\u00e4nheten. Och det kan ju finnas en ironi i detta, m\u00e5nga tittar p\u00e5 \u201dEfterlyst\u201d och tycker att det \u00e4r ett viktigt program utan att f\u00f6rst\u00e5 att de sj\u00e4lva \u00e4r en del av det vi bek\u00e4mpar, s\u00e4ger <strong>Hasse Aro<\/strong>.<\/li>\n<\/ul>\n\n\n\n<p><a href=\"https:\/\/www.youtube.com\/channel\/UCZviqqgEW8EN-78ffH4LEag\">H\u00e4r finns kampanjspotarna p\u00e5 YouTube<\/a><\/p>\n\n\n\n<p><a href=\"https:\/\/www.ncprotection.com\/index.php\/campaign-2024\/\" data-type=\"page\" data-id=\"1877\">H\u00e4r finns bildmaterial och grafik fr\u00e5n kampanjen<\/a><\/p>\n\n\n\n<p><a href=\"https:\/\/www.ncprotection.com\/index.php\/members\/\">H\u00e4r \u00e4r akt\u00f6rerna som st\u00e5r bakom Nordic Content Protection<\/a><\/p>\n\n\n\n<p>Kontakt: <a href=\"mailto:press@ncprotection.com\">press@ncprotection.com<\/a><\/p>\n\n\n\n<p><strong>Om Nordic Content Protection:<\/strong><\/p>\n\n\n\n<p>Nordic Content Protection (NCP) \u00e4r den ledande nordiska anti-piracy-organisationen. NCP \u00e4r en ideell medlemsf\u00f6rening som har st\u00f6ttat sina medlemmar i tv- och telekombranschen i \u00f6ver 20 \u00e5r med en rad specialiserade l\u00f6sningar inom teknisk r\u00e5dgivning, brottsutredningar, samarbeten med r\u00e4ttsv\u00e5rdande myndigheter, skadest\u00e5ndsavtal och vittnesm\u00e5l inf\u00f6r domstol. P\u00e5 NCP arbetar erfarna utredare med bakgrund inom de nordiska polisk\u00e5rerna och IT-tekniker. NCP \u00e4r en sj\u00e4lvst\u00e4ndig, professionell och effektiv partner som har l\u00e5ngtg\u00e5ende samarbeten med myndigheter, forsknings- och EU-institutioner och andra partnerorganisationer. L\u00e4s mer p\u00e5 <a href=\"http:\/\/www.ncprotection.com\">www.ncprotection.com<\/a>&nbsp;<\/p>\n","protected":false},"excerpt":{"rendered":"<p>Anv\u00e4ndandet av illegala tv-tj\u00e4nster \u00f6kar dramatiskt. Nya siffror visar att 28 procent av svenskarna har anv\u00e4nt en illegal tj\u00e4nst f\u00f6r att titta p\u00e5 TV-inneh\u00e5ll senaste m\u00e5naden. Det m\u00e5nga inte vet \u00e4r att illegal streaming ofta kan vara n\u00e4ra kopplat till den organiserade brottsligheten med narkotika, smuggling och prostitution. Nu lanserar Nordic Content Protection en omfattande&hellip;<\/p>\n","protected":false},"author":1,"featured_media":0,"parent":0,"menu_order":0,"comment_status":"closed","ping_status":"closed","template":"","meta":{"footnotes":""},"class_list":["post-1857","page","type-page","status-publish","hentry","entry","no-media"],"_links":{"self":[{"href":"https:\/\/www.ncprotection.com\/index.php\/wp-json\/wp\/v2\/pages\/1857","targetHints":{"allow":["GET"]}}],"collection":[{"href":"https:\/\/www.ncprotection.com\/index.php\/wp-json\/wp\/v2\/pages"}],"about":[{"href":"https:\/\/www.ncprotection.com\/index.php\/wp-json\/wp\/v2\/types\/page"}],"author":[{"embeddable":true,"href":"https:\/\/www.ncprotection.com\/index.php\/wp-json\/wp\/v2\/users\/1"}],"replies":[{"embeddable":true,"href":"https:\/\/www.ncprotection.com\/index.php\/wp-json\/wp\/v2\/comments?post=1857"}],"version-history":[{"count":11,"href":"https:\/\/www.ncprotection.com\/index.php\/wp-json\/wp\/v2\/pages\/1857\/revisions"}],"predecessor-version":[{"id":1911,"href":"https:\/\/www.ncprotection.com\/index.php\/wp-json\/wp\/v2\/pages\/1857\/revisions\/1911"}],"wp:attachment":[{"href":"https:\/\/www.ncprotection.com\/index.php\/wp-json\/wp\/v2\/media?parent=1857"}],"curies":[{"name":"wp","href":"https:\/\/api.w.org\/{rel}","templated":true}]}}