{"id":17,"date":"2011-05-12T09:31:07","date_gmt":"2011-05-12T09:31:07","guid":{"rendered":"http:\/\/www.ncprotection.com\/?page_id=17"},"modified":"2024-04-24T10:08:49","modified_gmt":"2024-04-24T09:08:49","slug":"sweden","status":"publish","type":"page","link":"https:\/\/www.ncprotection.com\/index.php\/sweden\/","title":{"rendered":"Sweden"},"content":{"rendered":"<div class=\"wpb-content-wrapper\">[vc_row][vc_column][vc_column_text]\n<h2>Vad \u00e4r&nbsp;Nordic Content Protection<\/h2>\n<p>Nordic Content Protection arbetar f\u00f6r att f\u00f6rhindra bl.a. illegal streaming och olovlig tillg\u00e5ng till betal-TV branschens s\u00e4ndningar som distribueras via parabol, vanlig antenn, kabel eller IP-TV.<\/p>\n<p>Vi samarbetar med flera distribut\u00f6rer och r\u00e4ttighetsinnehavare, bl.a. Viaplay Group, Allente, TV4, Tele2, Altibox, TV2 NO, Telenor, TV2 DK, S\u00ddN, S\u00edminn, RiksTV, Eyevinn Technlogy, Warner Bros. Discovery, SHL, SvFF, FA Premier League, Super Liga, Akamai.<\/p>\n<h2>Olovlig tillg\u00e5ng till betal-TV s\u00e4ndningar<\/h2>\n<p>Uppdaterad lagstiftning 2014-08-01: All yrkesm\u00e4ssig hantering av avkodningsutrustning \u00e4r sedan tidigare olagligt. Fr\u00e5n och med den 1 augusti 2014 \u00e4r \u00e4ven privat bruk straffbart. (<a title=\"Lag (2000:171) om f\u00f6rbud betr\u00e4ffande viss avkodningsutrustning\" href=\"http:\/\/www.notisum.se\/Pub\/Doc.aspx?url=\/rnp\/sls\/lag\/20000171.htm\" target=\"_blank\" rel=\"noopener\">Lag SFS 2000:171 om f\u00f6rbud betr\u00e4ffande viss avkodningsutrustning<\/a>.)<\/p>\n<p>Utdrag ur&nbsp;lagtexten: <em>\u201dAvkodningsutrustning f\u00e5r inte tillverkas, importeras, distribueras, s\u00e4ljas, hyras ut eller installeras och inte heller yrkesm\u00e4ssigt eller i f\u00f6rv\u00e4rvssyfte innehas, underh\u00e5llas eller bytas ut i syfte att g\u00f6ra en tj\u00e4nst som omfattas av lagen tillg\u00e4nglig i tolkningsbar form utan tj\u00e4nsteleverant\u00f6rens godk\u00e4nnande.<br \/>\n<\/em><em>Avkodningsutrustning f\u00e5r inte heller anskaffas eller anv\u00e4ndas f\u00f6r privat bruk i syfte att g\u00f6ra en tj\u00e4nst som omfattas av lagen tillg\u00e4nglig i tolkningsbar form utan tj\u00e4nsteleverant\u00f6rens godk\u00e4nnande.\u201d<\/em><\/p>\n<p>Du som g\u00f6r dig skyldig till brottet riskerar b\u00f6ter eller f\u00e4ngelse upp till tv\u00e5 \u00e5r, samt f\u00f6rverkande och skadest\u00e5nd.<\/p>\n<p>Marknadsf\u00f6ring av olovlig avkodningsutrustning och tillhandah\u00e5llande av koder strider \u00e4ven mot marknadsf\u00f6ringslagen.<\/p>\n<p>Illegal streaming:&nbsp;Att l\u00e4gga upp s\u00e5 kallade streams utan upphovsr\u00e4ttsinnehavarens medgivande \u00e4r straffbart och regleras i upphovsr\u00e4ttslagen, lag (<a title=\"Upphovsr\u00e4tt\" href=\"http:\/\/www.notisum.se\/rnp\/sls\/lag\/19600729.HTM\" target=\"_blank\" rel=\"noopener\">1960:729<\/a>) om upphovsr\u00e4tt till litter\u00e4ra och konstn\u00e4rliga verk och straffet \u00e4r b\u00f6ter eller f\u00e4ngelse i tv\u00e5 \u00e5r samt eventuella skadest\u00e5nd.<\/p>\n<h2>Illegal verksamhet skadar betal-TV branschen<\/h2>\n<p>Genom olika former av brottsliga handlingar bereder man sig tillg\u00e5ng till bolagens betal-kanaler, utan att g\u00f6ra r\u00e4tt f\u00f6r sig. Det \u00e4r inte bara programbolagen som drabbas eller lider skada av denna verksamhet. En l\u00e5ng kedja av akt\u00f6rer ber\u00f6rs negativt i olika avseenden och exempel p\u00e5 s\u00e5dana \u00e4r sk\u00e5despelare, filmproducenter, distribut\u00f6rer av program, idrottsf\u00f6reningar och \u00e5terf\u00f6rs\u00e4ljare av abonnemang. Ytterst p\u00e5verkas \u00e4ven konsumenterna som indirekt lider skada. Uteblivna int\u00e4kter p.g.a. brottslighet inneb\u00e4r bl. a mindre resurser till utveckling och investeringar av programutbudet.<\/p>\n<h2>Support<\/h2>\n<p>Support best\u00e5r idag av mer \u00e4n 600 f\u00f6retag i \u00e5terf\u00f6rs\u00e4ljarledet, spridda \u00f6ver hela Sverige. Genom medlemskapet visar medlemmarna att de st\u00f6der v\u00e5r&nbsp;verksamhet och tar avst\u00e5nd fr\u00e5n all form av brottslig verksamhet som skadar betal-TV branschen.<br \/>\nDu som vill bli medlem, kontakta <a title=\"Kontakta STOP SE\" href=\"..\/?page_id=188\">Nordic Content Protection SE<\/a>[\/vc_column_text][\/vc_column][\/vc_row][vc_row][vc_column]<a href=\"http:\/\/www.ncprotection.com\/index.php\/sweden\/kontakta-stop-se\/\" class=\"vcex-button theme-button inline hvr hvr-shadow\" title=\"Kontakt\"><span class=\"vcex-button-inner theme-button-inner wpex-flex wpex-flex-wrap wpex-items-center wpex-justify-center\"><span class=\"vcex-button-icon vcex-icon-wrap theme-button-icon-left\"><span class=\"wpex-icon\" aria-hidden=\"true\"><svg xmlns=\"http:\/\/www.w3.org\/2000\/svg\" viewBox=\"0 0 384 512\"><path d=\"M96 0C78.3 0 64 14.3 64 32v96h64V32c0-17.7-14.3-32-32-32zM288 0c-17.7 0-32 14.3-32 32v96h64V32c0-17.7-14.3-32-32-32zM32 160c-17.7 0-32 14.3-32 32s14.3 32 32 32v32c0 77.4 55 142 128 156.8V480c0 17.7 14.3 32 32 32s32-14.3 32-32V412.8C297 398 352 333.4 352 256V224c17.7 0 32-14.3 32-32s-14.3-32-32-32H32z\"\/><\/svg><\/span><\/span>Klicka f\u00f6r att kontakta NC Protection Sverige<\/span><\/a> [\/vc_column][\/vc_row]\n<\/div>","protected":false},"excerpt":{"rendered":"<p>[vc_row][vc_column][vc_column_text] Vad \u00e4r&nbsp;Nordic Content Protection Nordic Content Protection arbetar f\u00f6r att f\u00f6rhindra bl.a. illegal streaming och olovlig tillg\u00e5ng till betal-TV branschens s\u00e4ndningar som distribueras via parabol, vanlig antenn, kabel eller IP-TV. Vi samarbetar med flera distribut\u00f6rer och r\u00e4ttighetsinnehavare, bl.a. Viaplay Group, Allente, TV4, Tele2, Altibox, TV2 NO, Telenor, TV2 DK, S\u00ddN, S\u00edminn, RiksTV, Eyevinn Technlogy,&hellip;<\/p>\n","protected":false},"author":1,"featured_media":0,"parent":0,"menu_order":4,"comment_status":"open","ping_status":"open","template":"","meta":{"footnotes":""},"class_list":["post-17","page","type-page","status-publish","hentry","entry","no-media"],"_links":{"self":[{"href":"https:\/\/www.ncprotection.com\/index.php\/wp-json\/wp\/v2\/pages\/17","targetHints":{"allow":["GET"]}}],"collection":[{"href":"https:\/\/www.ncprotection.com\/index.php\/wp-json\/wp\/v2\/pages"}],"about":[{"href":"https:\/\/www.ncprotection.com\/index.php\/wp-json\/wp\/v2\/types\/page"}],"author":[{"embeddable":true,"href":"https:\/\/www.ncprotection.com\/index.php\/wp-json\/wp\/v2\/users\/1"}],"replies":[{"embeddable":true,"href":"https:\/\/www.ncprotection.com\/index.php\/wp-json\/wp\/v2\/comments?post=17"}],"version-history":[{"count":44,"href":"https:\/\/www.ncprotection.com\/index.php\/wp-json\/wp\/v2\/pages\/17\/revisions"}],"predecessor-version":[{"id":1851,"href":"https:\/\/www.ncprotection.com\/index.php\/wp-json\/wp\/v2\/pages\/17\/revisions\/1851"}],"wp:attachment":[{"href":"https:\/\/www.ncprotection.com\/index.php\/wp-json\/wp\/v2\/media?parent=17"}],"curies":[{"name":"wp","href":"https:\/\/api.w.org\/{rel}","templated":true}]}}