{"id":15,"date":"2011-05-12T09:30:28","date_gmt":"2011-05-12T09:30:28","guid":{"rendered":"http:\/\/www.ncprotection.com\/?page_id=15"},"modified":"2024-04-24T10:07:53","modified_gmt":"2024-04-24T09:07:53","slug":"norway","status":"publish","type":"page","link":"https:\/\/www.ncprotection.com\/index.php\/norway\/","title":{"rendered":"Norway"},"content":{"rendered":"<div class=\"wpb-content-wrapper\">[vc_row][vc_column][vc_column_text]\n<h2>Hva er&nbsp;Nordic Content Protection<\/h2>\n<p>Nordic Content Protection arbeider for \u00e5 bekjempe ulovlig streaming og ulovlig tilgang til fjernsynssendinger som mottas via parabol, digitalt bakkenett, IP-TV eller kabel-TV-anlegg.<\/p>\n<p>Nordic Content Protection samarbeider med flere distribut\u00f8rer og rettighetshavere i Norden, bl.a. Viaplay Group, Allente, TV4, Tele2, Altibox, TV2 NO, Telenor, TV2 DK, S\u00ddN, S\u00edminn, RiksTV, Eyevinn Technlogy, Warner Bros. Discovery, SHL, SvFF, FA Premier League, Super Liga, Akamai.<\/p>\n<h2>Ulovlig tilgang til fjernsynssendinger<\/h2>\n<p>Fremstilling og salg av uautoriserte smartkort (piratkort) og kortdeling (card sharing) som gir tilgang til kodede betal-TV-kanaler, er i strid med&nbsp;<a title=\"straffelovens \u00a7262\" href=\"https:\/\/lovdata.no\/dokument\/NL\/lov\/2005-05-20-28\/KAPITTEL_2-6\" target=\"_blank\" rel=\"noopener\">straffelovens \u00a7203<\/a>, og straffes med b\u00f8ter eller fengsel i inntil tre \u00e5r. Privat bruk av slikt utstyr og teknologi er ogs\u00e5 straffbar, i tillegg til distribusjon av programvare og koder som muliggj\u00f8r ulovlig tilgang.<\/p>\n<h2>Ulovlig streaming<\/h2>\n<p>Uautorisert tilgjengeliggj\u00f8ring av opphavsrettsbeskyttet materiale for allmennheten er strid med \u00e5ndsverksloven, og straffes med b\u00f8ter eller fengsel i inntil tre \u00e5r. En del streamingteknologier medf\u00f8rer at seere ogs\u00e5 deltar i distribusjonskjeden, og medvirkning til slik distribusjon er ogs\u00e5 straffbar.<\/p>\n<h2>Hvem blir skadelidende?<\/h2>\n<p>Program- og distribusjonsselskap investerer hvert \u00e5r store bel\u00f8p for senderettigheter til bl.a. filmer, serier og sportsbegivenheter. Disse investeringene g\u00e5r tilbake som l\u00f8nn til musikere, idrettsut\u00f8vere, artister, skuespillere, tekstforfattere, produsenter og andre involverte, samt til ulike kulturtilbud, idrettslag og sportsklubber i forbindelse med rekruttering og videreutvikling.<\/p>\n<p>\u00c5 omg\u00e5 de lovlige distribusjonskanalene for \u00e5 skaffe seg gratis eller billigere tilgang til slikt innhold rammer hele kjeden fra distribut\u00f8rers mulighet for \u00e5 kj\u00f8pe godt og variert innhold, til artisters mulighet til \u00e5 leve av yrket sitt og idrettslagenes mulighet for nyrekruttering. Inntektene fra lovlig distribusjon utgj\u00f8r det \u00f8konomiske grunnlaget for \u00e5 produsere godt, interessant og variert innhold.[\/vc_column_text][\/vc_column][\/vc_row][vc_row][vc_column]<a href=\"http:\/\/www.ncprotection.com\/index.php\/norway\/kontakt-stop\/\" class=\"vcex-button theme-button inline hvr hvr-shadow\" title=\"Kontakt\"><span class=\"vcex-button-inner theme-button-inner wpex-flex wpex-flex-wrap wpex-items-center wpex-justify-center\"><span class=\"vcex-button-icon vcex-icon-wrap theme-button-icon-left\"><span class=\"wpex-icon\" aria-hidden=\"true\"><svg xmlns=\"http:\/\/www.w3.org\/2000\/svg\" viewBox=\"0 0 384 512\"><path d=\"M96 0C78.3 0 64 14.3 64 32v96h64V32c0-17.7-14.3-32-32-32zM288 0c-17.7 0-32 14.3-32 32v96h64V32c0-17.7-14.3-32-32-32zM32 160c-17.7 0-32 14.3-32 32s14.3 32 32 32v32c0 77.4 55 142 128 156.8V480c0 17.7 14.3 32 32 32s32-14.3 32-32V412.8C297 398 352 333.4 352 256V224c17.7 0 32-14.3 32-32s-14.3-32-32-32H32z\"\/><\/svg><\/span><\/span>Kontakt Nordic Content Protection i Norge<\/span><\/a> [\/vc_column][\/vc_row]\n<\/div>","protected":false},"excerpt":{"rendered":"<p>[vc_row][vc_column][vc_column_text] Hva er&nbsp;Nordic Content Protection Nordic Content Protection arbeider for \u00e5 bekjempe ulovlig streaming og ulovlig tilgang til fjernsynssendinger som mottas via parabol, digitalt bakkenett, IP-TV eller kabel-TV-anlegg. Nordic Content Protection samarbeider med flere distribut\u00f8rer og rettighetshavere i Norden, bl.a. Viaplay Group, Allente, TV4, Tele2, Altibox, TV2 NO, Telenor, TV2 DK, S\u00ddN, S\u00edminn, RiksTV, Eyevinn&hellip;<\/p>\n","protected":false},"author":1,"featured_media":0,"parent":0,"menu_order":3,"comment_status":"open","ping_status":"open","template":"","meta":{"footnotes":""},"class_list":["post-15","page","type-page","status-publish","hentry","entry","no-media"],"_links":{"self":[{"href":"https:\/\/www.ncprotection.com\/index.php\/wp-json\/wp\/v2\/pages\/15","targetHints":{"allow":["GET"]}}],"collection":[{"href":"https:\/\/www.ncprotection.com\/index.php\/wp-json\/wp\/v2\/pages"}],"about":[{"href":"https:\/\/www.ncprotection.com\/index.php\/wp-json\/wp\/v2\/types\/page"}],"author":[{"embeddable":true,"href":"https:\/\/www.ncprotection.com\/index.php\/wp-json\/wp\/v2\/users\/1"}],"replies":[{"embeddable":true,"href":"https:\/\/www.ncprotection.com\/index.php\/wp-json\/wp\/v2\/comments?post=15"}],"version-history":[{"count":14,"href":"https:\/\/www.ncprotection.com\/index.php\/wp-json\/wp\/v2\/pages\/15\/revisions"}],"predecessor-version":[{"id":1850,"href":"https:\/\/www.ncprotection.com\/index.php\/wp-json\/wp\/v2\/pages\/15\/revisions\/1850"}],"wp:attachment":[{"href":"https:\/\/www.ncprotection.com\/index.php\/wp-json\/wp\/v2\/media?parent=15"}],"curies":[{"name":"wp","href":"https:\/\/api.w.org\/{rel}","templated":true}]}}