{"id":1421,"date":"2016-12-16T13:44:57","date_gmt":"2016-12-16T12:44:57","guid":{"rendered":"http:\/\/www.ncprotection.com\/?page_id=1421"},"modified":"2016-12-16T13:46:05","modified_gmt":"2016-12-16T12:46:05","slug":"recent-news","status":"publish","type":"page","link":"https:\/\/www.ncprotection.com\/index.php\/recent-news\/","title":{"rendered":"recent news"},"content":{"rendered":"<div class=\"wpb-content-wrapper\">[vc_row][vc_column]<div class=\"vcex-recent-news-wrap vcex-module\"><div class=\"vcex-recent-news wpex-clr wpex-last-divider-none\"><div class=\"vcex-recent-news-entry-wrap vcex-grid-item col-1\"><article class=\"vcex-recent-news-entry wpex-flex post-1806 post type-post status-publish format-standard hentry category-denmark category-iptv tag-dom tag-iptv tag-news entry no-media\"><div class=\"vcex-recent-news-date wpex-mr-20 wpex-flex-shrink-0 wpex-text-center\"><span class=\"vcex-recent-news-date__day wpex-block wpex-p-5 wpex-px-10 wpex-surface-2 wpex-text-2 wpex-text-2xl wpex-border wpex-border-b-0 wpex-border-solid wpex-border-surface-3 wpex-font-light wpex-leading-relaxed day\">01<\/span><span class=\"vcex-recent-news-date__month wpex-block wpex-text-xs wpex-py-5 wpex-px-10 wpex-bg-accent wpex-uppercase wpex-leading-none month\">Jun 22<\/span><\/div><div class=\"vcex-news-entry-details wpex-flex-grow entry-details wpex-first-mt-0 wpex-last-mb-0 wpex-clr\"><div class=\"vcex-recent-news-entry-excerpt entry-excerpt wpex-my-15 wpex-text-pretty wpex-last-mb-0 wpex-clr\"><p>Retten i Glostrup har d\u00f8mt en 51-\u00e5rig dansk mand for tre tilf\u00e6lde af ophavskr\u00e6nkelser af grov karakter og under sk\u00e6rpende omst\u00e6ndigheder. Manden n\u00e6gtede sig skyldig i alle forhold. I mandens&hellip;<\/p><\/div><div class=\"vcex-recent-news-entry-readmore-wrap entry-readmore-wrap wpex-clr\"><a href=\"https:\/\/www.ncprotection.com\/index.php\/2022\/06\/01\/leverandor-af-ulovligt-iptv-idomt-9-maneders-betinget-faengsel-og-150-timers-samfundstjeneste\/\" class=\"vcex-recent-news-entry-readmore theme-button\">Read more<\/a><\/div><\/div><\/article><div class=\"vcex-recent-news-entry__divider wpex-divider wpex-my-20\"><\/div><\/div><div class=\"vcex-recent-news-entry-wrap vcex-grid-item col-1\"><article class=\"vcex-recent-news-entry wpex-flex post-1783 post type-post status-publish format-standard hentry category-card-sharing category-court category-hovratt category-sweden entry no-media\"><div class=\"vcex-recent-news-date wpex-mr-20 wpex-flex-shrink-0 wpex-text-center\"><span class=\"vcex-recent-news-date__day wpex-block wpex-p-5 wpex-px-10 wpex-surface-2 wpex-text-2 wpex-text-2xl wpex-border wpex-border-b-0 wpex-border-solid wpex-border-surface-3 wpex-font-light wpex-leading-relaxed day\">19<\/span><span class=\"vcex-recent-news-date__month wpex-block wpex-text-xs wpex-py-5 wpex-px-10 wpex-bg-accent wpex-uppercase wpex-leading-none month\">Jan 22<\/span><\/div><div class=\"vcex-news-entry-details wpex-flex-grow entry-details wpex-first-mt-0 wpex-last-mb-0 wpex-clr\"><div class=\"vcex-recent-news-entry-excerpt entry-excerpt wpex-my-15 wpex-text-pretty wpex-last-mb-0 wpex-clr\"><p>De tre personer som d\u00f6mdes f\u00f6r brott mot avkodningslagen i \u00d6rebro TR under h\u00f6sten 2020 \u00f6verklagade domen till G\u00f6ta Hovr\u00e4tt. P\u00e5 grund av situationen med Corona pr\u00f6vades inte \u00e4rendet f\u00f6rr\u00e4n&hellip;<\/p><\/div><div class=\"vcex-recent-news-entry-readmore-wrap entry-readmore-wrap wpex-clr\"><a href=\"https:\/\/www.ncprotection.com\/index.php\/2022\/01\/19\/dom-i-gota-hovratt-2\/\" class=\"vcex-recent-news-entry-readmore theme-button\">Read more<\/a><\/div><\/div><\/article><div class=\"vcex-recent-news-entry__divider wpex-divider wpex-my-20\"><\/div><\/div><div class=\"vcex-recent-news-entry-wrap vcex-grid-item col-1\"><article class=\"vcex-recent-news-entry wpex-flex post-1763 post type-post status-publish format-standard hentry category-card-sharing category-court category-hovratt category-streaming category-sweden entry no-media\"><div class=\"vcex-recent-news-date wpex-mr-20 wpex-flex-shrink-0 wpex-text-center\"><span class=\"vcex-recent-news-date__day wpex-block wpex-p-5 wpex-px-10 wpex-surface-2 wpex-text-2 wpex-text-2xl wpex-border wpex-border-b-0 wpex-border-solid wpex-border-surface-3 wpex-font-light wpex-leading-relaxed day\">05<\/span><span class=\"vcex-recent-news-date__month wpex-block wpex-text-xs wpex-py-5 wpex-px-10 wpex-bg-accent wpex-uppercase wpex-leading-none month\">Oct 21<\/span><\/div><div class=\"vcex-news-entry-details wpex-flex-grow entry-details wpex-first-mt-0 wpex-last-mb-0 wpex-clr\"><div class=\"vcex-recent-news-entry-excerpt entry-excerpt wpex-my-15 wpex-text-pretty wpex-last-mb-0 wpex-clr\"><p>De tilltalade \u00f6verklagade Hovr\u00e4ttens dom till h\u00f6gsta domstolen som inte gav dem pr\u00f6vningstillst\u00e5nd. Hovr\u00e4tten dom vinner d\u00e4rmed laga kraft. https:\/\/www.ncprotection.com\/index.php\/2021\/07\/30\/dom-i-patent-och-marknadsoverdomstolen\/<\/p><\/div><div class=\"vcex-recent-news-entry-readmore-wrap entry-readmore-wrap wpex-clr\"><a href=\"https:\/\/www.ncprotection.com\/index.php\/2021\/10\/05\/hd-gav-inte-provningstillstand\/\" class=\"vcex-recent-news-entry-readmore theme-button\">Read more<\/a><\/div><\/div><\/article><div class=\"vcex-recent-news-entry__divider wpex-divider wpex-my-20\"><\/div><\/div><div class=\"vcex-recent-news-entry-wrap vcex-grid-item col-1\"><article class=\"vcex-recent-news-entry wpex-flex post-1759 post type-post status-publish format-standard hentry category-card-sharing category-court category-english category-hovratt category-iptv category-streaming category-sweden entry no-media\"><div class=\"vcex-recent-news-date wpex-mr-20 wpex-flex-shrink-0 wpex-text-center\"><span class=\"vcex-recent-news-date__day wpex-block wpex-p-5 wpex-px-10 wpex-surface-2 wpex-text-2 wpex-text-2xl wpex-border wpex-border-b-0 wpex-border-solid wpex-border-surface-3 wpex-font-light wpex-leading-relaxed day\">30<\/span><span class=\"vcex-recent-news-date__month wpex-block wpex-text-xs wpex-py-5 wpex-px-10 wpex-bg-accent wpex-uppercase wpex-leading-none month\">Jul 21<\/span><\/div><div class=\"vcex-news-entry-details wpex-flex-grow entry-details wpex-first-mt-0 wpex-last-mb-0 wpex-clr\"><div class=\"vcex-recent-news-entry-excerpt entry-excerpt wpex-my-15 wpex-text-pretty wpex-last-mb-0 wpex-clr\"><p>After a record-breaking eight years of investigation, the Swedish Patent and Market Court of Appeal has now sentenced two of the perpetrators to prison and, jointly with other defendants pay&hellip;<\/p><\/div><div class=\"vcex-recent-news-entry-readmore-wrap entry-readmore-wrap wpex-clr\"><a href=\"https:\/\/www.ncprotection.com\/index.php\/2021\/07\/30\/dom-i-patent-och-marknadsoverdomstolen\/\" class=\"vcex-recent-news-entry-readmore theme-button\">Read more<\/a><\/div><\/div><\/article><div class=\"vcex-recent-news-entry__divider wpex-divider wpex-my-20\"><\/div><\/div><div class=\"vcex-recent-news-entry-wrap vcex-grid-item col-1\"><article class=\"vcex-recent-news-entry wpex-flex post-1754 post type-post status-publish format-standard hentry category-card-sharing category-court category-sweden entry no-media\"><div class=\"vcex-recent-news-date wpex-mr-20 wpex-flex-shrink-0 wpex-text-center\"><span class=\"vcex-recent-news-date__day wpex-block wpex-p-5 wpex-px-10 wpex-surface-2 wpex-text-2 wpex-text-2xl wpex-border wpex-border-b-0 wpex-border-solid wpex-border-surface-3 wpex-font-light wpex-leading-relaxed day\">08<\/span><span class=\"vcex-recent-news-date__month wpex-block wpex-text-xs wpex-py-5 wpex-px-10 wpex-bg-accent wpex-uppercase wpex-leading-none month\">Jul 21<\/span><\/div><div class=\"vcex-news-entry-details wpex-flex-grow entry-details wpex-first-mt-0 wpex-last-mb-0 wpex-clr\"><div class=\"vcex-recent-news-entry-excerpt entry-excerpt wpex-my-15 wpex-text-pretty wpex-last-mb-0 wpex-clr\"><p>Tv\u00e5 personer d\u00f6mdes 2021-05-07 i S\u00f6dert\u00e4lje tingsr\u00e4tt till villkorlig dom f\u00f6r brott mot Lag (2000:171) om f\u00f6rbud betr\u00e4ffande viss avkodningsutrustning (card sharing) till villkorlig dom. M\u00e5ls\u00e4gandebolagen tilld\u00f6mdes ers\u00e4ttning p\u00e5 ca&hellip;<\/p><\/div><div class=\"vcex-recent-news-entry-readmore-wrap entry-readmore-wrap wpex-clr\"><a href=\"https:\/\/www.ncprotection.com\/index.php\/2021\/07\/08\/dom-i-sodertalje-tingsratt\/\" class=\"vcex-recent-news-entry-readmore theme-button\">Read more<\/a><\/div><\/div><\/article><div class=\"vcex-recent-news-entry__divider wpex-divider wpex-my-20\"><\/div><\/div><\/div><div class=\"wpex-pagination wpex-clear wpex-mt-30\"><ul class='page-numbers'>\n\t<li><span aria-current=\"page\" class=\"page-numbers current\"><span class=\"screen-reader-text\">Page <\/span>1<\/span><\/li>\n\t<li><a class=\"page-numbers\" href=\"https:\/\/www.ncprotection.com\/index.php\/wp-json\/wp\/v2\/pages\/1421\/page\/2\/\"><span class=\"screen-reader-text\">Page <\/span>2<\/a><\/li>\n\t<li><a class=\"page-numbers\" href=\"https:\/\/www.ncprotection.com\/index.php\/wp-json\/wp\/v2\/pages\/1421\/page\/3\/\"><span class=\"screen-reader-text\">Page <\/span>3<\/a><\/li>\n\t<li><a class=\"page-numbers\" href=\"https:\/\/www.ncprotection.com\/index.php\/wp-json\/wp\/v2\/pages\/1421\/page\/4\/\"><span class=\"screen-reader-text\">Page <\/span>4<\/a><\/li>\n\t<li><span class=\"page-numbers dots\">&hellip;<\/span><\/li>\n\t<li><a class=\"page-numbers\" href=\"https:\/\/www.ncprotection.com\/index.php\/wp-json\/wp\/v2\/pages\/1421\/page\/51\/\"><span class=\"screen-reader-text\">Page <\/span>51<\/a><\/li>\n\t<li><a class=\"next page-numbers\" href=\"https:\/\/www.ncprotection.com\/index.php\/wp-json\/wp\/v2\/pages\/1421\/page\/2\/\"><span class=\"page-numbers-icon wpex-icon wpex-icon--xs wpex-icon--bidi\" aria-hidden=\"true\"><svg xmlns=\"http:\/\/www.w3.org\/2000\/svg\" viewBox=\"0 0 320 512\"><path d=\"M278.6 233.4c12.5 12.5 12.5 32.8 0 45.3l-160 160c-12.5 12.5-32.8 12.5-45.3 0s-12.5-32.8 0-45.3L210.7 256 73.4 118.6c-12.5-12.5-12.5-32.8 0-45.3s32.8-12.5 45.3 0l160 160z\"\/><\/svg><\/span><span class=\"screen-reader-text\">Next<\/span><\/a><\/li>\n<\/ul>\n<\/div><\/div>[\/vc_column][\/vc_row]\n<\/div>","protected":false},"excerpt":{"rendered":"<p>[vc_row][vc_column][\/vc_column][\/vc_row]<\/p>\n","protected":false},"author":1,"featured_media":0,"parent":0,"menu_order":0,"comment_status":"closed","ping_status":"closed","template":"","meta":{"footnotes":""},"class_list":["post-1421","page","type-page","status-publish","hentry","entry","no-media"],"_links":{"self":[{"href":"https:\/\/www.ncprotection.com\/index.php\/wp-json\/wp\/v2\/pages\/1421","targetHints":{"allow":["GET"]}}],"collection":[{"href":"https:\/\/www.ncprotection.com\/index.php\/wp-json\/wp\/v2\/pages"}],"about":[{"href":"https:\/\/www.ncprotection.com\/index.php\/wp-json\/wp\/v2\/types\/page"}],"author":[{"embeddable":true,"href":"https:\/\/www.ncprotection.com\/index.php\/wp-json\/wp\/v2\/users\/1"}],"replies":[{"embeddable":true,"href":"https:\/\/www.ncprotection.com\/index.php\/wp-json\/wp\/v2\/comments?post=1421"}],"version-history":[{"count":3,"href":"https:\/\/www.ncprotection.com\/index.php\/wp-json\/wp\/v2\/pages\/1421\/revisions"}],"predecessor-version":[{"id":1426,"href":"https:\/\/www.ncprotection.com\/index.php\/wp-json\/wp\/v2\/pages\/1421\/revisions\/1426"}],"wp:attachment":[{"href":"https:\/\/www.ncprotection.com\/index.php\/wp-json\/wp\/v2\/media?parent=1421"}],"curies":[{"name":"wp","href":"https:\/\/api.w.org\/{rel}","templated":true}]}}