{"id":13,"date":"2011-05-12T09:29:49","date_gmt":"2011-05-12T09:29:49","guid":{"rendered":"http:\/\/www.ncprotection.com\/?page_id=13"},"modified":"2024-04-24T10:06:36","modified_gmt":"2024-04-24T09:06:36","slug":"denmark","status":"publish","type":"page","link":"https:\/\/www.ncprotection.com\/index.php\/denmark\/","title":{"rendered":"Denmark"},"content":{"rendered":"<div class=\"wpb-content-wrapper\">[vc_row][vc_column][vc_column_text]\n<h2>Hvad er&nbsp;Nordic Content Protection<\/h2>\n<p>Nordic Content Protection (tidigare STOP) arbejder p\u00e5 vegne af tv-branchen med at forhindre og bek\u00e6mpe tyveri af tv-signaler. I Danmark arbejder NCP for Viaplay Group, Allente, TV4, Tele2, Altibox, TV2 NO, Telenor, TV2 DK, S\u00ddN, S\u00edminn, RiksTV, Eyevinn Technlogy, Warner Bros. Discovery, SHL, SvFF, FA Premier League, Super Liga, Akamai.<\/p>\n<p>Nordic Content Protection arbejder ogs\u00e5 for at f\u00e5 lovgivningen til at beskytte rettighedshaverne bedst muligt.<\/p>\n<h2>Ulovlig tilgang til fjernsynsudsendelser<\/h2>\n<p>Fremstilling og salg af uautoriserede&nbsp;programkort (smart cards) og kortdeling (card sharing) som giver adgang til kodede tv kanaler, er i strid med Lov om radio- og fjernsynsvirksomhed, og straffes med b\u00f8de eller f\u00e6ngsel i indtil 1 \u00e5r og 6 m\u00e5neder. Under sk\u00e6rpende omst\u00e6ndigheder straffes med f\u00e6ngsel i indtil 6 \u00e5r i medf\u00f8r af Straffelovens \u00a7299 b. Typisk vil der ogs\u00e5 blive rejst et erstatningskrav.<\/p>\n<h2>Ulovlig streaming<\/h2>\n<p>Distribution af ophavsretsbeskyttet materiale via streams p\u00e5 internettet, uden tilladelse fra rettighedshaverne, er i strid med Lov om ophavsret, og&nbsp;straffes med b\u00f8de eller f\u00e6ngsel i indtil 1 \u00e5r og 6 m\u00e5neder. Under sk\u00e6rpende omst\u00e6ndigheder straffes med f\u00e6ngsel i indtil 6 \u00e5r i medf\u00f8r af Straffelovens \u00a7299 b. &nbsp;Nogle streaming teknologier, blandt andet SopCast (streaming over P2P), medf\u00f8rer, at alle modtagere ogs\u00e5 deltager i videredistribution af materialet. Typisk vil der ogs\u00e5 blive rejst et erstatningskrav.<\/p>\n<h2>Konsekvens<\/h2>\n<p>Misbrug af ophavsretsbeskyttet materiale medf\u00f8rer \u00f8konomisk tab for program- og distributionsselskaberne, og blandt andet skuespillere, instrukt\u00f8rer, komponister af filmmusik, sportsklubber og andre kulturudbud risikerer som f\u00f8lge deraf at f\u00e5 f\u00e6rre midler.<\/p>\n<p>Hvis man kr\u00e6nker eller misbruger tv-rettigheder kan f\u00f8lgende v\u00e6re konsekvensen: fjernelse af materialet on-line, opsigelse af abonnement hos distribut\u00f8rerne, politianmeldelse med krav om b\u00f8de eller f\u00e6ngsel, samt efterf\u00f8lgende erstatningskrav. F.eks. kan deltagelse p\u00e5 et card sharing netv\u00e6rk medf\u00f8re konfiskation af ulovligt udstyr, en b\u00f8de p\u00e5 op til p\u00e5 kr. 20.000 samt erstatningkrav.<\/p>\n<p><a title=\"Bekendtg\u00f8relse af lov om radio- og fjernsynsvirksomhed\" href=\"https:\/\/www.retsinformation.dk\/Forms\/R0710.aspx?id=131197\" target=\"_blank\" rel=\"noopener\">Bekendtg\u00f8relse af lov om radio- og fjernsynsvirksomhed<\/a>&nbsp;[\/vc_column_text][\/vc_column][\/vc_row][vc_row][vc_column]<style>.vcex-button.vcex_69f353e5eb32b{background:#154477;color:#ffffff!important;}<\/style><a href=\"http:\/\/www.ncprotection.com\/index.php\/denmark\/kontakt-stop\/\" class=\"vcex-button theme-button inline hvr hvr-shadow vcex_69f353e5eb32b\" title=\"Kontakte\"><span class=\"vcex-button-inner theme-button-inner wpex-flex wpex-flex-wrap wpex-items-center wpex-justify-center\"><span class=\"vcex-button-icon vcex-icon-wrap theme-button-icon-left\"><span class=\"wpex-icon\" aria-hidden=\"true\"><svg xmlns=\"http:\/\/www.w3.org\/2000\/svg\" viewBox=\"0 0 384 512\"><path d=\"M96 0C78.3 0 64 14.3 64 32v96h64V32c0-17.7-14.3-32-32-32zM288 0c-17.7 0-32 14.3-32 32v96h64V32c0-17.7-14.3-32-32-32zM32 160c-17.7 0-32 14.3-32 32s14.3 32 32 32v32c0 77.4 55 142 128 156.8V480c0 17.7 14.3 32 32 32s32-14.3 32-32V412.8C297 398 352 333.4 352 256V224c17.7 0 32-14.3 32-32s-14.3-32-32-32H32z\"\/><\/svg><\/span><\/span>Klik her for at kontakte Nordic Content Protection i Danmark<\/span><\/a> [\/vc_column][\/vc_row]\n<\/div>","protected":false},"excerpt":{"rendered":"<p>[vc_row][vc_column][vc_column_text] Hvad er&nbsp;Nordic Content Protection Nordic Content Protection (tidigare STOP) arbejder p\u00e5 vegne af tv-branchen med at forhindre og bek\u00e6mpe tyveri af tv-signaler. I Danmark arbejder NCP for Viaplay Group, Allente, TV4, Tele2, Altibox, TV2 NO, Telenor, TV2 DK, S\u00ddN, S\u00edminn, RiksTV, Eyevinn Technlogy, Warner Bros. Discovery, SHL, SvFF, FA Premier League, Super Liga, Akamai.&hellip;<\/p>\n","protected":false},"author":1,"featured_media":0,"parent":0,"menu_order":2,"comment_status":"open","ping_status":"open","template":"","meta":{"footnotes":""},"class_list":["post-13","page","type-page","status-publish","hentry","entry","no-media"],"_links":{"self":[{"href":"https:\/\/www.ncprotection.com\/index.php\/wp-json\/wp\/v2\/pages\/13","targetHints":{"allow":["GET"]}}],"collection":[{"href":"https:\/\/www.ncprotection.com\/index.php\/wp-json\/wp\/v2\/pages"}],"about":[{"href":"https:\/\/www.ncprotection.com\/index.php\/wp-json\/wp\/v2\/types\/page"}],"author":[{"embeddable":true,"href":"https:\/\/www.ncprotection.com\/index.php\/wp-json\/wp\/v2\/users\/1"}],"replies":[{"embeddable":true,"href":"https:\/\/www.ncprotection.com\/index.php\/wp-json\/wp\/v2\/comments?post=13"}],"version-history":[{"count":28,"href":"https:\/\/www.ncprotection.com\/index.php\/wp-json\/wp\/v2\/pages\/13\/revisions"}],"predecessor-version":[{"id":1849,"href":"https:\/\/www.ncprotection.com\/index.php\/wp-json\/wp\/v2\/pages\/13\/revisions\/1849"}],"wp:attachment":[{"href":"https:\/\/www.ncprotection.com\/index.php\/wp-json\/wp\/v2\/media?parent=13"}],"curies":[{"name":"wp","href":"https:\/\/api.w.org\/{rel}","templated":true}]}}